{"id":1456,"date":"2021-01-15T19:18:44","date_gmt":"2021-01-15T19:18:44","guid":{"rendered":"https:\/\/pierrerenart.com\/home\/"},"modified":"2023-11-03T15:02:57","modified_gmt":"2023-11-03T15:02:57","slug":"home","status":"publish","type":"page","link":"https:\/\/pierrerenart.com\/en\/","title":{"rendered":"Home"},"content":{"rendered":"\t\t<div data-elementor-type=\"wp-page\" data-elementor-id=\"1456\" class=\"elementor elementor-1456 elementor-8\" data-elementor-post-type=\"page\">\n\t\t\t\t\t\t<section data-dce-background-overlay-color=\"#000000\" class=\"elementor-section elementor-top-section elementor-element elementor-element-5932abb7 elementor-section-height-min-height elementor-section-boxed elementor-section-height-default elementor-section-items-middle\" data-id=\"5932abb7\" data-element_type=\"section\" data-settings=\"{&quot;background_background&quot;:&quot;slideshow&quot;,&quot;sticky&quot;:&quot;bottom&quot;,&quot;background_slideshow_gallery&quot;:[{&quot;id&quot;:1916,&quot;url&quot;:&quot;https:\\\/\\\/pierrerenart.com\\\/wp-content\\\/uploads\\\/2023\\\/09\\\/3-rotated.jpg&quot;},{&quot;id&quot;:1918,&quot;url&quot;:&quot;https:\\\/\\\/pierrerenart.com\\\/wp-content\\\/uploads\\\/2023\\\/09\\\/4-rotated.jpg&quot;},{&quot;id&quot;:1920,&quot;url&quot;:&quot;https:\\\/\\\/pierrerenart.com\\\/wp-content\\\/uploads\\\/2023\\\/09\\\/5-rotated.jpg&quot;},{&quot;id&quot;:1924,&quot;url&quot;:&quot;https:\\\/\\\/pierrerenart.com\\\/wp-content\\\/uploads\\\/2023\\\/09\\\/7-rotated.jpg&quot;},{&quot;id&quot;:1926,&quot;url&quot;:&quot;https:\\\/\\\/pierrerenart.com\\\/wp-content\\\/uploads\\\/2023\\\/09\\\/14-rotated.jpg&quot;}],&quot;background_slideshow_slide_duration&quot;:3000,&quot;background_slideshow_loop&quot;:&quot;yes&quot;,&quot;background_slideshow_slide_transition&quot;:&quot;fade&quot;,&quot;background_slideshow_transition_duration&quot;:500,&quot;sticky_on&quot;:[&quot;desktop&quot;,&quot;tablet&quot;,&quot;mobile&quot;],&quot;sticky_offset&quot;:0,&quot;sticky_effects_offset&quot;:0,&quot;sticky_anchor_link_offset&quot;:0}\">\n\t\t\t\t\t\t\t<div class=\"elementor-background-overlay\"><\/div>\n\t\t\t\t\t\t\t<div class=\"elementor-container elementor-column-gap-default\">\n\t\t\t\t\t<div class=\"elementor-column elementor-col-100 elementor-top-column elementor-element elementor-element-726b187a\" data-id=\"726b187a\" data-element_type=\"column\">\n\t\t\t<div class=\"elementor-widget-wrap elementor-element-populated\">\n\t\t\t\t\t\t<div class=\"elementor-element elementor-element-428dde3d dce_masking-none elementor-widget elementor-widget-image\" data-id=\"428dde3d\" data-element_type=\"widget\" data-settings=\"{&quot;motion_fx_motion_fx_scrolling&quot;:&quot;yes&quot;,&quot;motion_fx_scale_effect&quot;:&quot;yes&quot;,&quot;motion_fx_scale_range&quot;:{&quot;unit&quot;:&quot;%&quot;,&quot;size&quot;:&quot;&quot;,&quot;sizes&quot;:{&quot;start&quot;:0,&quot;end&quot;:100}},&quot;motion_fx_scale_direction&quot;:&quot;out-in&quot;,&quot;motion_fx_scale_speed&quot;:{&quot;unit&quot;:&quot;px&quot;,&quot;size&quot;:4,&quot;sizes&quot;:[]},&quot;motion_fx_devices&quot;:[&quot;desktop&quot;,&quot;tablet&quot;,&quot;mobile&quot;]}\" data-widget_type=\"image.default\">\n\t\t\t\t<div class=\"elementor-widget-container\">\n\t\t\t\t\t\t\t\t\t\t\t\t\t\t\t<img fetchpriority=\"high\" decoding=\"async\" width=\"800\" height=\"462\" src=\"https:\/\/pierrerenart.com\/wp-content\/uploads\/2021\/01\/cropped-Logo-Pierre-Renart-White-2-1.png\" class=\"attachment-large size-large wp-image-11\" alt=\"\" srcset=\"https:\/\/pierrerenart.com\/wp-content\/uploads\/2021\/01\/cropped-Logo-Pierre-Renart-White-2-1.png 1024w, https:\/\/pierrerenart.com\/wp-content\/uploads\/2021\/01\/cropped-Logo-Pierre-Renart-White-2-1-300x173.png 300w, https:\/\/pierrerenart.com\/wp-content\/uploads\/2021\/01\/cropped-Logo-Pierre-Renart-White-2-1-768x443.png 768w\" sizes=\"(max-width: 800px) 100vw, 800px\" \/>\t\t\t\t\t\t\t\t\t\t\t\t\t\t\t<\/div>\n\t\t\t\t<\/div>\n\t\t\t\t<div class=\"elementor-element elementor-element-77249ae8 elementor-widget elementor-widget-heading\" data-id=\"77249ae8\" data-element_type=\"widget\" data-widget_type=\"heading.default\">\n\t\t\t\t<div class=\"elementor-widget-container\">\n\t\t\t\t\t<h1 class=\"elementor-heading-title elementor-size-default\">pierre renart<\/h1>\t\t\t\t<\/div>\n\t\t\t\t<\/div>\n\t\t\t\t<div class=\"elementor-element elementor-element-ee386d8 elementor-widget elementor-widget-spacer\" data-id=\"ee386d8\" data-element_type=\"widget\" data-widget_type=\"spacer.default\">\n\t\t\t\t<div class=\"elementor-widget-container\">\n\t\t\t\t\t\t\t<div class=\"elementor-spacer\">\n\t\t\t<div class=\"elementor-spacer-inner\"><\/div>\n\t\t<\/div>\n\t\t\t\t\t\t<\/div>\n\t\t\t\t<\/div>\n\t\t\t\t<div class=\"elementor-element elementor-element-647b48a4 elementor-widget elementor-widget-heading\" data-id=\"647b48a4\" data-element_type=\"widget\" data-widget_type=\"heading.default\">\n\t\t\t\t<div class=\"elementor-widget-container\">\n\t\t\t\t\t<p class=\"elementor-heading-title elementor-size-default\">Designer furniture creator<\/p>\t\t\t\t<\/div>\n\t\t\t\t<\/div>\n\t\t\t\t\t<\/div>\n\t\t<\/div>\n\t\t\t\t\t<\/div>\n\t\t<\/section>\n\t\t\t\t<section class=\"elementor-section elementor-top-section elementor-element elementor-element-2632cd85 elementor-section-boxed elementor-section-height-default elementor-section-height-default\" data-id=\"2632cd85\" data-element_type=\"section\" data-settings=\"{&quot;background_background&quot;:&quot;classic&quot;}\">\n\t\t\t\t\t\t<div class=\"elementor-container elementor-column-gap-default\">\n\t\t\t\t\t<div class=\"elementor-column elementor-col-100 elementor-top-column elementor-element elementor-element-68879910\" data-id=\"68879910\" data-element_type=\"column\">\n\t\t\t<div class=\"elementor-widget-wrap elementor-element-populated\">\n\t\t\t\t\t\t<div class=\"elementor-element elementor-element-7d7d9372 elementor-widget elementor-widget-heading\" data-id=\"7d7d9372\" data-element_type=\"widget\" data-widget_type=\"heading.default\">\n\t\t\t\t<div class=\"elementor-widget-container\">\n\t\t\t\t\t<h2 class=\"elementor-heading-title elementor-size-default\">News<\/h2>\t\t\t\t<\/div>\n\t\t\t\t<\/div>\n\t\t\t\t<div class=\"dce-dynamic-posts-collection dce-fix-background-loop elementor-element elementor-element-a494657 dce-posts-layout-template dce-carousel-effect-slide hover-animation-yes elementor-widget elementor-widget-dce-dynamicposts-v2\" data-id=\"a494657\" data-element_type=\"widget\" data-settings=\"{&quot;style_items&quot;:&quot;template&quot;,&quot;carousel_match_height&quot;:&quot;yes&quot;,&quot;carousel_autoHeight&quot;:&quot;yes&quot;,&quot;carousel_speed_slider&quot;:300,&quot;carousel_effects&quot;:&quot;slide&quot;,&quot;carousel_direction_slider&quot;:&quot;horizontal&quot;,&quot;carousel_initialSlide&quot;:0,&quot;carousel_slidesPerView&quot;:&quot;1&quot;,&quot;carousel_slidesPerGroup&quot;:1,&quot;carousel_slidesColumn&quot;:&quot;1&quot;,&quot;carousel_spaceBetween&quot;:0,&quot;carousel_useNavigation&quot;:&quot;yes&quot;,&quot;carousel_usePagination&quot;:&quot;yes&quot;,&quot;carousel_pagination_type&quot;:&quot;bullets&quot;,&quot;carousel_dynamicBullets&quot;:&quot;yes&quot;,&quot;carousel_slidesOffsetBefore&quot;:0,&quot;carousel_slidesOffsetAfter&quot;:0,&quot;carousel_slidesPerColumnFill&quot;:&quot;row&quot;}\" data-widget_type=\"dce-dynamicposts-v2.carousel\">\n\t\t\t\t<div class=\"elementor-widget-container\">\n\t\t\t\t\t\n\t\t<div class=\"dce-posts-container dce-posts  swiper dce-skin-carousel\">\n\t\t\t\t\t\t<div class=\"dce-posts-wrapper swiper-wrapper dce-wrapper-carousel\">\n\t\t\t\n\t\t<article class=\"post-3074 actualit type-actualit status-publish has-post-thumbnail hentry dce-post dce-post-item swiper-slide dce-item-carousel\" data-dce-post-id=\"3074\" data-dce-post-index=\"0\">\n\t\t\t<div class=\"dce-post-block\">\n\t\t\t\t<div data-elementor-type=\"loop-item\" data-elementor-id=\"201\" data-post-id=\"3074\" data-obj-id=\"3074\" class=\"elementor elementor-201 dce-elementor-post-3074 e-loop-item e-loop-item-3074 post-3074 actualit type-actualit status-publish has-post-thumbnail hentry\" data-elementor-post-type=\"elementor_library\" data-custom-edit-handle=\"1\">\n\t\t\t\t\t<section class=\"elementor-section elementor-top-section elementor-element elementor-element-5e6e6019 elementor-section-boxed elementor-section-height-default elementor-section-height-default\" data-id=\"5e6e6019\" data-element_type=\"section\">\n\t\t\t\t\t\t<div class=\"elementor-container elementor-column-gap-default\">\n\t\t\t\t\t<div class=\"elementor-column elementor-col-50 elementor-top-column elementor-element elementor-element-35d7745b\" data-id=\"35d7745b\" data-element_type=\"column\" data-settings=\"{&quot;background_background&quot;:&quot;classic&quot;}\">\n\t\t\t<div class=\"elementor-widget-wrap elementor-element-populated\">\n\t\t\t\t\t\t<div class=\"elementor-element elementor-element-7283b9f elementor-widget elementor-widget-theme-post-featured-image elementor-widget-image\" data-id=\"7283b9f\" data-element_type=\"widget\" data-widget_type=\"theme-post-featured-image.default\">\n\t\t\t\t<div class=\"elementor-widget-container\">\n\t\t\t\t\t\t\t\t\t\t\t\t\t\t\t<img decoding=\"async\" width=\"800\" height=\"800\" src=\"https:\/\/pierrerenart.com\/wp-content\/uploads\/2026\/02\/site-Pierre.jpg\" class=\"attachment-large size-large wp-image-3100\" alt=\"\" srcset=\"https:\/\/pierrerenart.com\/wp-content\/uploads\/2026\/02\/site-Pierre.jpg 1000w, https:\/\/pierrerenart.com\/wp-content\/uploads\/2026\/02\/site-Pierre-300x300.jpg 300w, https:\/\/pierrerenart.com\/wp-content\/uploads\/2026\/02\/site-Pierre-150x150.jpg 150w, https:\/\/pierrerenart.com\/wp-content\/uploads\/2026\/02\/site-Pierre-768x768.jpg 768w\" sizes=\"(max-width: 800px) 100vw, 800px\" \/>\t\t\t\t\t\t\t\t\t\t\t\t\t\t\t<\/div>\n\t\t\t\t<\/div>\n\t\t\t\t\t<\/div>\n\t\t<\/div>\n\t\t\t\t<div class=\"elementor-column elementor-col-50 elementor-top-column elementor-element elementor-element-1a22f7eb\" data-id=\"1a22f7eb\" data-element_type=\"column\">\n\t\t\t<div class=\"elementor-widget-wrap elementor-element-populated\">\n\t\t\t\t\t\t<div class=\"elementor-element elementor-element-385aabd7 elementor-widget elementor-widget-heading\" data-id=\"385aabd7\" data-element_type=\"widget\" data-widget_type=\"heading.default\">\n\t\t\t\t<div class=\"elementor-widget-container\">\n\t\t\t\t\t<h3 class=\"elementor-heading-title elementor-size-default\">PAD Paris 2026<\/h3>\t\t\t\t<\/div>\n\t\t\t\t<\/div>\n\t\t\t\t<div class=\"elementor-element elementor-element-c103718 elementor-widget elementor-widget-spacer\" data-id=\"c103718\" data-element_type=\"widget\" data-widget_type=\"spacer.default\">\n\t\t\t\t<div class=\"elementor-widget-container\">\n\t\t\t\t\t\t\t<div class=\"elementor-spacer\">\n\t\t\t<div class=\"elementor-spacer-inner\"><\/div>\n\t\t<\/div>\n\t\t\t\t\t\t<\/div>\n\t\t\t\t<\/div>\n\t\t\t\t<div class=\"elementor-element elementor-element-bfc5f62 elementor-widget elementor-widget-text-editor\" data-id=\"bfc5f62\" data-element_type=\"widget\" data-widget_type=\"text-editor.default\">\n\t\t\t\t<div class=\"elementor-widget-container\">\n\t\t\t\t\t\t\t\t\t<p>Faithful to this springtime event, Maison Parisienne is pleased to take part in the 2026 edition of PAD Paris, held from April 8 to 12, 2026. On this occasion, the gallery will unveil an entirely new scenography, highlighting a rich selection of works by designer and cabinetmaker Pierre Renart.<\/p>\n<p>Among them, an exceptional piece stands out: <em>Cascade<\/em>, a previously unseen sculptural work that merges a bench and a shelving unit. In a single gesture, from the same ribbon of wood rising over two meters high, Pierre Renart pushes the boundaries of wood to create a total work of art. In this same pursuit of fluidity and refinement, a <em>Wave<\/em> console on legs, never before exhibited, will also be presented, alongside a <em>M\u00f6bius<\/em> console in rosewood, a warm and noble material enhanced by the cabinetmaker\u2019s virtuoso craftsmanship.<\/p>\n<p>&nbsp;<\/p>\n<p><strong>PAD Paris<\/strong><\/p>\n<p>8-12 April 2026<\/p>\n<p>Maison parisienne, booth 60<\/p>\n<p>Jardin des tuileries, 75001 Paris<br \/>\nFRANCE<\/p>\n\t\t\t\t\t\t\t\t<\/div>\n\t\t\t\t<\/div>\n\t\t\t\t\t<\/div>\n\t\t<\/div>\n\t\t\t\t\t<\/div>\n\t\t<\/section>\n\t\t\t\t<\/div>\n\t\t\t\t\t<\/div>\n\t\t<\/article>\n\t\t\n\t\t<article class=\"post-3067 actualit type-actualit status-publish has-post-thumbnail hentry dce-post dce-post-item swiper-slide dce-item-carousel\" data-dce-post-id=\"3067\" data-dce-post-index=\"1\">\n\t\t\t<div class=\"dce-post-block\">\n\t\t\t\t<div data-elementor-type=\"loop-item\" data-elementor-id=\"201\" data-post-id=\"3067\" data-obj-id=\"3067\" class=\"elementor elementor-201 dce-elementor-post-3067 e-loop-item e-loop-item-3067 post-3067 actualit type-actualit status-publish has-post-thumbnail hentry\" data-elementor-post-type=\"elementor_library\" data-custom-edit-handle=\"1\">\n\t\t\t\t\t<section class=\"elementor-section elementor-top-section elementor-element elementor-element-5e6e6019 elementor-section-boxed elementor-section-height-default elementor-section-height-default\" data-id=\"5e6e6019\" data-element_type=\"section\">\n\t\t\t\t\t\t<div class=\"elementor-container elementor-column-gap-default\">\n\t\t\t\t\t<div class=\"elementor-column elementor-col-50 elementor-top-column elementor-element elementor-element-35d7745b\" data-id=\"35d7745b\" data-element_type=\"column\" data-settings=\"{&quot;background_background&quot;:&quot;classic&quot;}\">\n\t\t\t<div class=\"elementor-widget-wrap elementor-element-populated\">\n\t\t\t\t\t\t<div class=\"elementor-element elementor-element-7283b9f elementor-widget elementor-widget-theme-post-featured-image elementor-widget-image\" data-id=\"7283b9f\" data-element_type=\"widget\" data-widget_type=\"theme-post-featured-image.default\">\n\t\t\t\t<div class=\"elementor-widget-container\">\n\t\t\t\t\t\t\t\t\t\t\t\t\t\t\t<img decoding=\"async\" width=\"800\" height=\"800\" src=\"https:\/\/pierrerenart.com\/wp-content\/uploads\/2026\/02\/2Z-1024x1024.jpg\" class=\"attachment-large size-large wp-image-3092\" alt=\"\" srcset=\"https:\/\/pierrerenart.com\/wp-content\/uploads\/2026\/02\/2Z-1024x1024.jpg 1024w, https:\/\/pierrerenart.com\/wp-content\/uploads\/2026\/02\/2Z-300x300.jpg 300w, https:\/\/pierrerenart.com\/wp-content\/uploads\/2026\/02\/2Z-150x150.jpg 150w, https:\/\/pierrerenart.com\/wp-content\/uploads\/2026\/02\/2Z-768x768.jpg 768w, https:\/\/pierrerenart.com\/wp-content\/uploads\/2026\/02\/2Z-1536x1536.jpg 1536w, https:\/\/pierrerenart.com\/wp-content\/uploads\/2026\/02\/2Z.jpg 1600w\" sizes=\"(max-width: 800px) 100vw, 800px\" \/>\t\t\t\t\t\t\t\t\t\t\t\t\t\t\t<\/div>\n\t\t\t\t<\/div>\n\t\t\t\t\t<\/div>\n\t\t<\/div>\n\t\t\t\t<div class=\"elementor-column elementor-col-50 elementor-top-column elementor-element elementor-element-1a22f7eb\" data-id=\"1a22f7eb\" data-element_type=\"column\">\n\t\t\t<div class=\"elementor-widget-wrap elementor-element-populated\">\n\t\t\t\t\t\t<div class=\"elementor-element elementor-element-385aabd7 elementor-widget elementor-widget-heading\" data-id=\"385aabd7\" data-element_type=\"widget\" data-widget_type=\"heading.default\">\n\t\t\t\t<div class=\"elementor-widget-container\">\n\t\t\t\t\t<h3 class=\"elementor-heading-title elementor-size-default\">FORMA Design Fair Madrid<\/h3>\t\t\t\t<\/div>\n\t\t\t\t<\/div>\n\t\t\t\t<div class=\"elementor-element elementor-element-c103718 elementor-widget elementor-widget-spacer\" data-id=\"c103718\" data-element_type=\"widget\" data-widget_type=\"spacer.default\">\n\t\t\t\t<div class=\"elementor-widget-container\">\n\t\t\t\t\t\t\t<div class=\"elementor-spacer\">\n\t\t\t<div class=\"elementor-spacer-inner\"><\/div>\n\t\t<\/div>\n\t\t\t\t\t\t<\/div>\n\t\t\t\t<\/div>\n\t\t\t\t<div class=\"elementor-element elementor-element-bfc5f62 elementor-widget elementor-widget-text-editor\" data-id=\"bfc5f62\" data-element_type=\"widget\" data-widget_type=\"text-editor.default\">\n\t\t\t\t<div class=\"elementor-widget-container\">\n\t\t\t\t\t\t\t\t\t<p>From 5 to 8 March, Maison Parisienne will be in Madrid to take part in FORMA Design Fair Madrid, the international trade fair dedicated to collectible design, organised by Madrid Design Festival in collaboration with the Department of Culture, Tourism and Sport of the City of Madrid.<\/p>\n<p>On this occasion, Pierre Renart is presenting an exclusive selection of his iconic pieces, including the \u00c9closion High Table, the \u00c9closion Coffee Table, the Gen\u00e8se Armchair, the Wave Desk in ziricote, two Wave Steles, and a new M\u00f6bius Small Bench.<\/p>\n<p>FORMA Design Fair<br \/>\n5 to 8 March 2026<br \/>\nMaison Parisienne stand \u2014 no. A13<br \/>\nMatadero Madrid<\/p>\n\t\t\t\t\t\t\t\t<\/div>\n\t\t\t\t<\/div>\n\t\t\t\t\t<\/div>\n\t\t<\/div>\n\t\t\t\t\t<\/div>\n\t\t<\/section>\n\t\t\t\t<\/div>\n\t\t\t\t\t<\/div>\n\t\t<\/article>\n\t\t\t\t<\/div>\n\t\t\t\t<\/div>\n\n\t\t\t\t\t<div class=\"dce-carousel-controls\">\n\t\t\t\t\t<div class=\"dce-container-pagination swiper-container-horizontal\">\n\t\t\t<div class=\"swiper-pagination pagination-a494657 nav--default\">\n\t\t\t<\/div>\n\t\t<\/div>\n\t\t\t\t\t<div class=\"dce-container-navigation swiper-container-horizontal\">\n\t\t\t\t\t\t\t\t<div class=\"swiper-button-left left-a494657\">\n\t\t\t\t\t<svg x=\"-10px\" y=\"-10px\" width=\"85.039px\" height=\"85.039px\" viewBox=\"378.426 255.12 85.039 85.039\" xml:space=\"preserve\">\n\t\t\t\t\t\t<line fill=\"none\" stroke=\"#000000\" stroke-width=\"1.3845\" stroke-dasharray=\"0,0\" stroke-miterlimit=\"10\" x1=\"382.456\" y1=\"298.077\" x2=\"458.375\" y2=\"298.077\"\/>\n\t\t\t\t\t\t<polyline fill=\"none\" stroke=\"#000000\" stroke-width=\"1.3845\" stroke-dasharray=\"0,0\" stroke-miterlimit=\"10\" points=\"416.287,331.909,382.456,298.077,416.287,264.245 \"\/>\n\t\t\t\t\t<\/svg>\n\t\t\t\t<\/div>\n\t\t\t\t\t\t\t\t<div class=\"swiper-button-right right-a494657\">\n\t\t\t\t\t<svg xmlns:xlink=\"http:\/\/www.w3.org\/1999\/xlink\" x=\"0px\" y=\"0px\" width=\"85.039px\" height=\"85.039px\" viewBox=\"378.426 255.12 85.039 85.039\" xml:space=\"preserve\">\n\t\t\t\t\t\t<line fill=\"none\" stroke=\"#000000\" stroke-width=\"1.3845\" stroke-miterlimit=\"10\" x1=\"458.375\" y1=\"298.077\" x2=\"382.456\" y2=\"298.077\"\/>\n\t\t\t\t\t\t<polyline fill=\"none\" stroke=\"#000000\" stroke-width=\"1.3845\" stroke-miterlimit=\"10\" points=\"424.543,264.245,458.375,298.077,424.543,331.909 \"\/>\n\t\t\t\t\t<\/svg>\n\t\t\t\t<\/div>\n\t\t\t<\/div>\n\t\t\t\t\t\t<\/div>\n\t\t\t\t\t\t<\/div>\n\t\t\t\t<\/div>\n\t\t\t\t\t<\/div>\n\t\t<\/div>\n\t\t\t\t\t<\/div>\n\t\t<\/section>\n\t\t\t\t<section data-dce-background-image-url=\"https:\/\/pierrerenart.com\/wp-content\/uploads\/2021\/09\/Pierres-high-table-copie-scaled.jpg\" class=\"elementor-section elementor-top-section elementor-element elementor-element-3b70e4d elementor-section-height-min-height elementor-section-boxed elementor-section-height-default elementor-section-items-middle\" data-id=\"3b70e4d\" data-element_type=\"section\" data-settings=\"{&quot;background_background&quot;:&quot;classic&quot;}\">\n\t\t\t\t\t\t<div class=\"elementor-container elementor-column-gap-default\">\n\t\t\t\t\t<div class=\"elementor-column elementor-col-100 elementor-top-column elementor-element elementor-element-6ab78d7\" data-id=\"6ab78d7\" data-element_type=\"column\">\n\t\t\t<div class=\"elementor-widget-wrap elementor-element-populated\">\n\t\t\t\t\t\t<div class=\"elementor-element elementor-element-f80254c elementor-widget elementor-widget-heading\" data-id=\"f80254c\" data-element_type=\"widget\" data-widget_type=\"heading.default\">\n\t\t\t\t<div class=\"elementor-widget-container\">\n\t\t\t\t\t<h2 class=\"elementor-heading-title elementor-size-default\">an expertise<\/h2>\t\t\t\t<\/div>\n\t\t\t\t<\/div>\n\t\t\t\t<div class=\"elementor-element elementor-element-cc6bb02 elementor-align-center elementor-widget elementor-widget-button\" data-id=\"cc6bb02\" data-element_type=\"widget\" data-widget_type=\"button.default\">\n\t\t\t\t<div class=\"elementor-widget-container\">\n\t\t\t\t\t\t\t\t\t<div class=\"elementor-button-wrapper\">\n\t\t\t\t\t<a class=\"elementor-button elementor-button-link elementor-size-sm\" href=\"https:\/\/pierrerenart.com\/en\/about-us\/\">\n\t\t\t\t\t\t<span class=\"elementor-button-content-wrapper\">\n\t\t\t\t\t\t\t\t\t<span class=\"elementor-button-text\">Discover<\/span>\n\t\t\t\t\t<\/span>\n\t\t\t\t\t<\/a>\n\t\t\t\t<\/div>\n\t\t\t\t\t\t\t\t<\/div>\n\t\t\t\t<\/div>\n\t\t\t\t\t<\/div>\n\t\t<\/div>\n\t\t\t\t\t<\/div>\n\t\t<\/section>\n\t\t\t\t<section class=\"elementor-section elementor-top-section elementor-element elementor-element-775b0ac elementor-section-boxed elementor-section-height-default elementor-section-height-default\" data-id=\"775b0ac\" data-element_type=\"section\">\n\t\t\t\t\t\t<div class=\"elementor-container elementor-column-gap-default\">\n\t\t\t\t\t<div class=\"elementor-column elementor-col-100 elementor-top-column elementor-element elementor-element-21fac6a\" data-id=\"21fac6a\" data-element_type=\"column\">\n\t\t\t<div class=\"elementor-widget-wrap elementor-element-populated\">\n\t\t\t\t\t\t<div class=\"elementor-element elementor-element-836fb0e dce_masking-none elementor-widget elementor-widget-image\" data-id=\"836fb0e\" data-element_type=\"widget\" data-widget_type=\"image.default\">\n\t\t\t\t<div class=\"elementor-widget-container\">\n\t\t\t\t\t\t\t\t\t\t\t\t\t\t\t<img loading=\"lazy\" decoding=\"async\" width=\"512\" height=\"512\" src=\"https:\/\/pierrerenart.com\/wp-content\/uploads\/2021\/01\/logo-MP.jpg\" class=\"attachment-large size-large wp-image-1889\" alt=\"\" srcset=\"https:\/\/pierrerenart.com\/wp-content\/uploads\/2021\/01\/logo-MP.jpg 512w, https:\/\/pierrerenart.com\/wp-content\/uploads\/2021\/01\/logo-MP-300x300.jpg 300w, https:\/\/pierrerenart.com\/wp-content\/uploads\/2021\/01\/logo-MP-150x150.jpg 150w\" sizes=\"(max-width: 512px) 100vw, 512px\" \/>\t\t\t\t\t\t\t\t\t\t\t\t\t\t\t<\/div>\n\t\t\t\t<\/div>\n\t\t\t\t<div class=\"elementor-element elementor-element-4b90997 elementor-widget elementor-widget-heading\" data-id=\"4b90997\" data-element_type=\"widget\" data-widget_type=\"heading.default\">\n\t\t\t\t<div class=\"elementor-widget-container\">\n\t\t\t\t\t<h2 class=\"elementor-heading-title elementor-size-default\">represented by maison parisienne<\/h2>\t\t\t\t<\/div>\n\t\t\t\t<\/div>\n\t\t\t\t<div class=\"elementor-element elementor-element-f5d7e40 elementor-align-center elementor-widget elementor-widget-button\" data-id=\"f5d7e40\" data-element_type=\"widget\" data-widget_type=\"button.default\">\n\t\t\t\t<div class=\"elementor-widget-container\">\n\t\t\t\t\t\t\t\t\t<div class=\"elementor-button-wrapper\">\n\t\t\t\t\t<a class=\"elementor-button elementor-button-link elementor-size-sm\" href=\"https:\/\/maisonparisienne.fr\/\">\n\t\t\t\t\t\t<span class=\"elementor-button-content-wrapper\">\n\t\t\t\t\t\t\t\t\t<span class=\"elementor-button-text\">maisonparisienne.fr<\/span>\n\t\t\t\t\t<\/span>\n\t\t\t\t\t<\/a>\n\t\t\t\t<\/div>\n\t\t\t\t\t\t\t\t<\/div>\n\t\t\t\t<\/div>\n\t\t\t\t\t<\/div>\n\t\t<\/div>\n\t\t\t\t\t<\/div>\n\t\t<\/section>\n\t\t\t\t<\/div>\n\t\t","protected":false},"excerpt":{"rendered":"<p>pierre renart Designer furniture creator News an expertise Discover represented by maison parisienne maisonparisienne.fr<\/p>\n","protected":false},"author":1,"featured_media":0,"parent":0,"menu_order":0,"comment_status":"closed","ping_status":"closed","template":"elementor_header_footer","meta":{"_acf_changed":false,"footnotes":""},"class_list":["post-1456","page","type-page","status-publish","hentry"],"acf":[],"_links":{"self":[{"href":"https:\/\/pierrerenart.com\/en\/wp-json\/wp\/v2\/pages\/1456","targetHints":{"allow":["GET"]}}],"collection":[{"href":"https:\/\/pierrerenart.com\/en\/wp-json\/wp\/v2\/pages"}],"about":[{"href":"https:\/\/pierrerenart.com\/en\/wp-json\/wp\/v2\/types\/page"}],"author":[{"embeddable":true,"href":"https:\/\/pierrerenart.com\/en\/wp-json\/wp\/v2\/users\/1"}],"replies":[{"embeddable":true,"href":"https:\/\/pierrerenart.com\/en\/wp-json\/wp\/v2\/comments?post=1456"}],"version-history":[{"count":6,"href":"https:\/\/pierrerenart.com\/en\/wp-json\/wp\/v2\/pages\/1456\/revisions"}],"predecessor-version":[{"id":2079,"href":"https:\/\/pierrerenart.com\/en\/wp-json\/wp\/v2\/pages\/1456\/revisions\/2079"}],"wp:attachment":[{"href":"https:\/\/pierrerenart.com\/en\/wp-json\/wp\/v2\/media?parent=1456"}],"curies":[{"name":"wp","href":"https:\/\/api.w.org\/{rel}","templated":true}]}}